{"id":5309,"date":"2023-02-15T09:58:59","date_gmt":"2023-02-15T09:58:59","guid":{"rendered":"https:\/\/catalansdragons.com\/mentions-legales\/"},"modified":"2023-02-15T09:58:59","modified_gmt":"2023-02-15T09:58:59","slug":"mentions-legales","status":"publish","type":"page","link":"https:\/\/catalansdragons.com\/en\/mentions-legales\/","title":{"rendered":"Mentions l\u00e9gales"},"content":{"rendered":"<p>L&#8217;entit\u00e9 Les Dragons a ouvert le site Les Dragons (Accessible \u00e0 cette adresse : https:\/\/catalansdragons.com\/)<\/p>\n<p>L\u2019utilisation du Site implique de respecter les termes des pr\u00e9sentes conditions d\u2019utilisation. En acc\u00e9dant au Site, tout internaute naviguant sur le Site d\u00e9clare avoir lu et accept\u00e9 les r\u00e9serves<\/p>\n<p>Le Site est accessible \u00e0 l\u2019adresse URL suivante : https:\/\/catalansdragons.com\/. L\u2019\u00e9diteur du Site est l&#8217;entit\u00e9 Les Dragons, au capital de 150 000\u20ac, immatricul\u00e9e sous le num\u00e9ro 1234567890, ayant son si\u00e8ge social au :<br \/>\nAvenue de l'a\u00e9rodrome<br \/>\r\nPerpignan 66000<\/p>\n<p>Joignable par t\u00e9l\u00e9phone au 04 68 35 45 30, repr\u00e9sent\u00e9e par John Doe.<\/p>\n<p>Le Site est d\u00e9velopp\u00e9 par la soci\u00e9t\u00e9 AttrapTemps SARL, au capital social de 30.000 Euros, immatricul\u00e9e au Registre du Commerce et des Soci\u00e9t\u00e9s de Perpignan sous le num\u00e9ro 407 836 089 000 42, dont le si\u00e8ge social est situ\u00e9 70 av Alfred Kastler<br \/>\n66100 Perpignan \u2013 France<\/p>\n<p>H\u00e9bergeur :\u00a0AttrapTemps<br \/>\nAttrapTemps\u00a0SARL,<br \/>\n70 av Alfred Kastler \u2013 Perpignan<br \/>\n66100 Perpignan \u2013 France<\/p>\n","protected":false},"excerpt":{"rendered":"<p>L&#8217;entit\u00e9 a ouvert le site (Accessible \u00e0 cette adresse : ) L\u2019utilisation du Site implique de respecter les termes des pr\u00e9sentes conditions d\u2019utilisation. En acc\u00e9dant au Site, tout internaute naviguant sur le Site d\u00e9clare avoir lu et accept\u00e9 les r\u00e9serves Le Site est accessible \u00e0 l\u2019adresse URL suivante : . L\u2019\u00e9diteur du Site est l&#8217;entit\u00e9 [&hellip;]<\/p>\n","protected":false},"author":1,"featured_media":0,"parent":0,"menu_order":0,"comment_status":"closed","ping_status":"closed","template":"","meta":{"_acf_changed":false,"_et_pb_use_builder":"","_et_pb_old_content":"","_et_gb_content_width":"","footnotes":""},"class_list":["post-5309","page","type-page","status-publish","hentry"],"acf":[],"yoast_head":"<!-- This site is optimized with the Yoast SEO plugin v27.4 - https:\/\/yoast.com\/product\/yoast-seo-wordpress\/ -->\n<title>Mentions l\u00e9gales - Les dragons<\/title>\n<meta name=\"robots\" content=\"index, follow, max-snippet:-1, max-image-preview:large, max-video-preview:-1\" \/>\n<link rel=\"canonical\" href=\"https:\/\/catalansdragons.com\/en\/mentions-legales\/\" \/>\n<meta property=\"og:locale\" content=\"en_US\" \/>\n<meta property=\"og:type\" content=\"article\" \/>\n<meta property=\"og:title\" content=\"Mentions l\u00e9gales - Les dragons\" \/>\n<meta property=\"og:description\" content=\"L&#8217;entit\u00e9 a ouvert le site (Accessible \u00e0 cette adresse : ) L\u2019utilisation du Site implique de respecter les termes des pr\u00e9sentes conditions d\u2019utilisation. En acc\u00e9dant au Site, tout internaute naviguant sur le Site d\u00e9clare avoir lu et accept\u00e9 les r\u00e9serves Le Site est accessible \u00e0 l\u2019adresse URL suivante : . L\u2019\u00e9diteur du Site est l&#8217;entit\u00e9 [&hellip;]\" \/>\n<meta property=\"og:url\" content=\"https:\/\/catalansdragons.com\/en\/mentions-legales\/\" \/>\n<meta property=\"og:site_name\" content=\"Les dragons\" \/>\n<meta name=\"twitter:card\" content=\"summary_large_image\" \/>\n<script type=\"application\/ld+json\" class=\"yoast-schema-graph\">{\"@context\":\"https:\\\/\\\/schema.org\",\"@graph\":[{\"@type\":\"WebPage\",\"@id\":\"https:\\\/\\\/catalansdragons.com\\\/en\\\/mentions-legales\\\/\",\"url\":\"https:\\\/\\\/catalansdragons.com\\\/en\\\/mentions-legales\\\/\",\"name\":\"Mentions l\u00e9gales - Les dragons\",\"isPartOf\":{\"@id\":\"http:\\\/\\\/catalansdragons.com\\\/en\\\/#website\"},\"datePublished\":\"2023-02-15T09:58:59+00:00\",\"breadcrumb\":{\"@id\":\"https:\\\/\\\/catalansdragons.com\\\/en\\\/mentions-legales\\\/#breadcrumb\"},\"inLanguage\":\"en-US\",\"potentialAction\":[{\"@type\":\"ReadAction\",\"target\":[\"https:\\\/\\\/catalansdragons.com\\\/en\\\/mentions-legales\\\/\"]}]},{\"@type\":\"BreadcrumbList\",\"@id\":\"https:\\\/\\\/catalansdragons.com\\\/en\\\/mentions-legales\\\/#breadcrumb\",\"itemListElement\":[{\"@type\":\"ListItem\",\"position\":1,\"name\":\"Accueil\",\"item\":\"https:\\\/\\\/catalansdragons.com\\\/en\\\/\"},{\"@type\":\"ListItem\",\"position\":2,\"name\":\"Mentions l\u00e9gales\"}]},{\"@type\":\"WebSite\",\"@id\":\"http:\\\/\\\/catalansdragons.com\\\/en\\\/#website\",\"url\":\"http:\\\/\\\/catalansdragons.com\\\/en\\\/\",\"name\":\"Les dragons\",\"description\":\"Les Dragons catalans sont un club professionnel fran\u00e7ais de rugby \u00e0 XIII bas\u00e9e \u00e0 Perpignan.\",\"potentialAction\":[{\"@type\":\"SearchAction\",\"target\":{\"@type\":\"EntryPoint\",\"urlTemplate\":\"http:\\\/\\\/catalansdragons.com\\\/en\\\/?s={search_term_string}\"},\"query-input\":{\"@type\":\"PropertyValueSpecification\",\"valueRequired\":true,\"valueName\":\"search_term_string\"}}],\"inLanguage\":\"en-US\"}]}<\/script>\n<!-- \/ Yoast SEO plugin. -->","yoast_head_json":{"title":"Mentions l\u00e9gales - Les dragons","robots":{"index":"index","follow":"follow","max-snippet":"max-snippet:-1","max-image-preview":"max-image-preview:large","max-video-preview":"max-video-preview:-1"},"canonical":"https:\/\/catalansdragons.com\/en\/mentions-legales\/","og_locale":"en_US","og_type":"article","og_title":"Mentions l\u00e9gales - Les dragons","og_description":"L&#8217;entit\u00e9 a ouvert le site (Accessible \u00e0 cette adresse : ) L\u2019utilisation du Site implique de respecter les termes des pr\u00e9sentes conditions d\u2019utilisation. En acc\u00e9dant au Site, tout internaute naviguant sur le Site d\u00e9clare avoir lu et accept\u00e9 les r\u00e9serves Le Site est accessible \u00e0 l\u2019adresse URL suivante : . L\u2019\u00e9diteur du Site est l&#8217;entit\u00e9 [&hellip;]","og_url":"https:\/\/catalansdragons.com\/en\/mentions-legales\/","og_site_name":"Les dragons","twitter_card":"summary_large_image","schema":{"@context":"https:\/\/schema.org","@graph":[{"@type":"WebPage","@id":"https:\/\/catalansdragons.com\/en\/mentions-legales\/","url":"https:\/\/catalansdragons.com\/en\/mentions-legales\/","name":"Mentions l\u00e9gales - Les dragons","isPartOf":{"@id":"http:\/\/catalansdragons.com\/en\/#website"},"datePublished":"2023-02-15T09:58:59+00:00","breadcrumb":{"@id":"https:\/\/catalansdragons.com\/en\/mentions-legales\/#breadcrumb"},"inLanguage":"en-US","potentialAction":[{"@type":"ReadAction","target":["https:\/\/catalansdragons.com\/en\/mentions-legales\/"]}]},{"@type":"BreadcrumbList","@id":"https:\/\/catalansdragons.com\/en\/mentions-legales\/#breadcrumb","itemListElement":[{"@type":"ListItem","position":1,"name":"Accueil","item":"https:\/\/catalansdragons.com\/en\/"},{"@type":"ListItem","position":2,"name":"Mentions l\u00e9gales"}]},{"@type":"WebSite","@id":"http:\/\/catalansdragons.com\/en\/#website","url":"http:\/\/catalansdragons.com\/en\/","name":"Les dragons","description":"Les Dragons catalans sont un club professionnel fran\u00e7ais de rugby \u00e0 XIII bas\u00e9e \u00e0 Perpignan.","potentialAction":[{"@type":"SearchAction","target":{"@type":"EntryPoint","urlTemplate":"http:\/\/catalansdragons.com\/en\/?s={search_term_string}"},"query-input":{"@type":"PropertyValueSpecification","valueRequired":true,"valueName":"search_term_string"}}],"inLanguage":"en-US"}]}},"_links":{"self":[{"href":"https:\/\/catalansdragons.com\/en\/wp-json\/wp\/v2\/pages\/5309","targetHints":{"allow":["GET"]}}],"collection":[{"href":"https:\/\/catalansdragons.com\/en\/wp-json\/wp\/v2\/pages"}],"about":[{"href":"https:\/\/catalansdragons.com\/en\/wp-json\/wp\/v2\/types\/page"}],"author":[{"embeddable":true,"href":"https:\/\/catalansdragons.com\/en\/wp-json\/wp\/v2\/users\/1"}],"replies":[{"embeddable":true,"href":"https:\/\/catalansdragons.com\/en\/wp-json\/wp\/v2\/comments?post=5309"}],"version-history":[{"count":0,"href":"https:\/\/catalansdragons.com\/en\/wp-json\/wp\/v2\/pages\/5309\/revisions"}],"wp:attachment":[{"href":"https:\/\/catalansdragons.com\/en\/wp-json\/wp\/v2\/media?parent=5309"}],"curies":[{"name":"wp","href":"https:\/\/api.w.org\/{rel}","templated":true}]}}