{"id":5303,"date":"2026-02-09T17:10:56","date_gmt":"2026-02-09T16:10:56","guid":{"rendered":"https:\/\/catalansdragons.com\/animations-davant-match\/"},"modified":"2026-02-09T17:10:56","modified_gmt":"2026-02-09T16:10:56","slug":"animations-davant-match","status":"publish","type":"page","link":"https:\/\/catalansdragons.com\/en\/animations-davant-match\/","title":{"rendered":"Animations jour de match"},"content":{"rendered":"<p>Les jours de match \u00e0 Gilbert Brutus, les portes du stade ouvrent deux heures avant le coup d&#8217;envoi de la rencontre.<\/p>\n<p>Restauration, animations pour les petits et les grands&#8230;. vous vivrez au stade bien plus qu&#8217;un match de rugby.<\/p>\n<p>Les Dragons travaille en effet en partenariat avec Team Spirit Animation pour l\u2019animation des all\u00e9es du stade les jours de match. Ainsi, vous pouvez profiter de nombreuses animations\u2028et activit\u00e9s install\u00e9es dans les all\u00e9es du stade et ce d\u00e8s l&#8217;ouverture des portes.<\/p>\n<p>Consultez les informations pratiques \u00e0 connaitre avant de venir \u00e0 Brutus.<\/p>\n","protected":false},"excerpt":{"rendered":"<p>Les jours de match \u00e0 Gilbert Brutus, les portes du stade ouvrent deux heures avant le coup d&#8217;envoi de la rencontre. Restauration, animations pour les petits et les grands&#8230;. vous vivrez au stade bien plus qu&#8217;un match de rugby. Les Dragons travaille en effet en partenariat avec Team Spirit Animation pour l\u2019animation des all\u00e9es du [&hellip;]<\/p>\n","protected":false},"author":1,"featured_media":0,"parent":0,"menu_order":0,"comment_status":"closed","ping_status":"closed","template":"","meta":{"_acf_changed":false,"_et_pb_use_builder":"","_et_pb_old_content":"","_et_gb_content_width":"","footnotes":""},"class_list":["post-5303","page","type-page","status-publish","hentry"],"acf":[],"yoast_head":"<!-- This site is optimized with the Yoast SEO plugin v27.4 - https:\/\/yoast.com\/product\/yoast-seo-wordpress\/ -->\n<title>Animations jour de match - Les dragons<\/title>\n<meta name=\"robots\" content=\"index, follow, max-snippet:-1, max-image-preview:large, max-video-preview:-1\" \/>\n<link rel=\"canonical\" href=\"https:\/\/catalansdragons.com\/en\/animations-davant-match\/\" \/>\n<meta property=\"og:locale\" content=\"en_US\" \/>\n<meta property=\"og:type\" content=\"article\" \/>\n<meta property=\"og:title\" content=\"Animations jour de match - Les dragons\" \/>\n<meta property=\"og:description\" content=\"Les jours de match \u00e0 Gilbert Brutus, les portes du stade ouvrent deux heures avant le coup d&#8217;envoi de la rencontre. Restauration, animations pour les petits et les grands&#8230;. vous vivrez au stade bien plus qu&#8217;un match de rugby. Les Dragons travaille en effet en partenariat avec Team Spirit Animation pour l\u2019animation des all\u00e9es du [&hellip;]\" \/>\n<meta property=\"og:url\" content=\"https:\/\/catalansdragons.com\/en\/animations-davant-match\/\" \/>\n<meta property=\"og:site_name\" content=\"Les dragons\" \/>\n<meta name=\"twitter:card\" content=\"summary_large_image\" \/>\n<script type=\"application\/ld+json\" class=\"yoast-schema-graph\">{\"@context\":\"https:\\\/\\\/schema.org\",\"@graph\":[{\"@type\":\"WebPage\",\"@id\":\"https:\\\/\\\/catalansdragons.com\\\/en\\\/animations-davant-match\\\/\",\"url\":\"https:\\\/\\\/catalansdragons.com\\\/en\\\/animations-davant-match\\\/\",\"name\":\"Animations jour de match - Les dragons\",\"isPartOf\":{\"@id\":\"http:\\\/\\\/catalansdragons.com\\\/en\\\/#website\"},\"datePublished\":\"2026-02-09T16:10:56+00:00\",\"breadcrumb\":{\"@id\":\"https:\\\/\\\/catalansdragons.com\\\/en\\\/animations-davant-match\\\/#breadcrumb\"},\"inLanguage\":\"en-US\",\"potentialAction\":[{\"@type\":\"ReadAction\",\"target\":[\"https:\\\/\\\/catalansdragons.com\\\/en\\\/animations-davant-match\\\/\"]}]},{\"@type\":\"BreadcrumbList\",\"@id\":\"https:\\\/\\\/catalansdragons.com\\\/en\\\/animations-davant-match\\\/#breadcrumb\",\"itemListElement\":[{\"@type\":\"ListItem\",\"position\":1,\"name\":\"Accueil\",\"item\":\"https:\\\/\\\/catalansdragons.com\\\/en\\\/\"},{\"@type\":\"ListItem\",\"position\":2,\"name\":\"Animations jour de match\"}]},{\"@type\":\"WebSite\",\"@id\":\"http:\\\/\\\/catalansdragons.com\\\/en\\\/#website\",\"url\":\"http:\\\/\\\/catalansdragons.com\\\/en\\\/\",\"name\":\"Les dragons\",\"description\":\"Les Dragons catalans sont un club professionnel fran\u00e7ais de rugby \u00e0 XIII bas\u00e9e \u00e0 Perpignan.\",\"potentialAction\":[{\"@type\":\"SearchAction\",\"target\":{\"@type\":\"EntryPoint\",\"urlTemplate\":\"http:\\\/\\\/catalansdragons.com\\\/en\\\/?s={search_term_string}\"},\"query-input\":{\"@type\":\"PropertyValueSpecification\",\"valueRequired\":true,\"valueName\":\"search_term_string\"}}],\"inLanguage\":\"en-US\"}]}<\/script>\n<!-- \/ Yoast SEO plugin. -->","yoast_head_json":{"title":"Animations jour de match - Les dragons","robots":{"index":"index","follow":"follow","max-snippet":"max-snippet:-1","max-image-preview":"max-image-preview:large","max-video-preview":"max-video-preview:-1"},"canonical":"https:\/\/catalansdragons.com\/en\/animations-davant-match\/","og_locale":"en_US","og_type":"article","og_title":"Animations jour de match - Les dragons","og_description":"Les jours de match \u00e0 Gilbert Brutus, les portes du stade ouvrent deux heures avant le coup d&#8217;envoi de la rencontre. Restauration, animations pour les petits et les grands&#8230;. vous vivrez au stade bien plus qu&#8217;un match de rugby. Les Dragons travaille en effet en partenariat avec Team Spirit Animation pour l\u2019animation des all\u00e9es du [&hellip;]","og_url":"https:\/\/catalansdragons.com\/en\/animations-davant-match\/","og_site_name":"Les dragons","twitter_card":"summary_large_image","schema":{"@context":"https:\/\/schema.org","@graph":[{"@type":"WebPage","@id":"https:\/\/catalansdragons.com\/en\/animations-davant-match\/","url":"https:\/\/catalansdragons.com\/en\/animations-davant-match\/","name":"Animations jour de match - Les dragons","isPartOf":{"@id":"http:\/\/catalansdragons.com\/en\/#website"},"datePublished":"2026-02-09T16:10:56+00:00","breadcrumb":{"@id":"https:\/\/catalansdragons.com\/en\/animations-davant-match\/#breadcrumb"},"inLanguage":"en-US","potentialAction":[{"@type":"ReadAction","target":["https:\/\/catalansdragons.com\/en\/animations-davant-match\/"]}]},{"@type":"BreadcrumbList","@id":"https:\/\/catalansdragons.com\/en\/animations-davant-match\/#breadcrumb","itemListElement":[{"@type":"ListItem","position":1,"name":"Accueil","item":"https:\/\/catalansdragons.com\/en\/"},{"@type":"ListItem","position":2,"name":"Animations jour de match"}]},{"@type":"WebSite","@id":"http:\/\/catalansdragons.com\/en\/#website","url":"http:\/\/catalansdragons.com\/en\/","name":"Les dragons","description":"Les Dragons catalans sont un club professionnel fran\u00e7ais de rugby \u00e0 XIII bas\u00e9e \u00e0 Perpignan.","potentialAction":[{"@type":"SearchAction","target":{"@type":"EntryPoint","urlTemplate":"http:\/\/catalansdragons.com\/en\/?s={search_term_string}"},"query-input":{"@type":"PropertyValueSpecification","valueRequired":true,"valueName":"search_term_string"}}],"inLanguage":"en-US"}]}},"_links":{"self":[{"href":"https:\/\/catalansdragons.com\/en\/wp-json\/wp\/v2\/pages\/5303","targetHints":{"allow":["GET"]}}],"collection":[{"href":"https:\/\/catalansdragons.com\/en\/wp-json\/wp\/v2\/pages"}],"about":[{"href":"https:\/\/catalansdragons.com\/en\/wp-json\/wp\/v2\/types\/page"}],"author":[{"embeddable":true,"href":"https:\/\/catalansdragons.com\/en\/wp-json\/wp\/v2\/users\/1"}],"replies":[{"embeddable":true,"href":"https:\/\/catalansdragons.com\/en\/wp-json\/wp\/v2\/comments?post=5303"}],"version-history":[{"count":0,"href":"https:\/\/catalansdragons.com\/en\/wp-json\/wp\/v2\/pages\/5303\/revisions"}],"wp:attachment":[{"href":"https:\/\/catalansdragons.com\/en\/wp-json\/wp\/v2\/media?parent=5303"}],"curies":[{"name":"wp","href":"https:\/\/api.w.org\/{rel}","templated":true}]}}