{"id":5289,"date":"2026-02-17T11:38:17","date_gmt":"2026-02-17T10:38:17","guid":{"rendered":"https:\/\/catalansdragons.com\/devenir-partenaire\/"},"modified":"2026-02-17T11:38:17","modified_gmt":"2026-02-17T10:38:17","slug":"devenir-partenaire","status":"publish","type":"page","link":"https:\/\/catalansdragons.com\/en\/devenir-partenaire\/","title":{"rendered":"Devenir partenaire"},"content":{"rendered":"<p>Vous souhaitez faire conna\u00eetre votre marque aupr\u00e8s d\u2019un large public, passer un moment de convivialit\u00e9 en compagnie d\u2019amis, clients ou collaborateurs ?<br \/>\nVous \u00eates une entreprise et vous souhaitez devenir partenaire des Dragons Catalans ?<\/p>\n<p>Prenez contact avec l&#8217;\u00e9quipe commerciale au <a href=\"tel:04 68 35 45 30\">04 68 35 45 30<\/a>, par mail <span class=\"mark3hghzvjnn\" data-markjs=\"true\" data-ogac=\"\" data-ogab=\"\" data-ogsc=\"\" data-ogsb=\"\">commercial<\/span>@catalansdragons.com ou via le formulaire suivant :<\/p>\n","protected":false},"excerpt":{"rendered":"<p>Vous souhaitez faire conna\u00eetre votre marque aupr\u00e8s d\u2019un large public, passer un moment de convivialit\u00e9 en compagnie d\u2019amis, clients ou collaborateurs ? Vous \u00eates une entreprise et vous souhaitez devenir partenaire des Dragons Catalans ? Prenez contact avec l&#8217;\u00e9quipe commerciale au 04 68 35 45 30, par mail commercial@catalansdragons.com ou via le formulaire suivant :<\/p>\n","protected":false},"author":1,"featured_media":0,"parent":0,"menu_order":0,"comment_status":"closed","ping_status":"closed","template":"","meta":{"_acf_changed":false,"_et_pb_use_builder":"","_et_pb_old_content":"","_et_gb_content_width":"","footnotes":""},"class_list":["post-5289","page","type-page","status-publish","hentry"],"acf":[],"yoast_head":"<!-- This site is optimized with the Yoast SEO plugin v27.4 - https:\/\/yoast.com\/product\/yoast-seo-wordpress\/ -->\n<title>Devenir partenaire - Les dragons<\/title>\n<meta name=\"robots\" content=\"index, follow, max-snippet:-1, max-image-preview:large, max-video-preview:-1\" \/>\n<link rel=\"canonical\" href=\"https:\/\/catalansdragons.com\/en\/devenir-partenaire\/\" \/>\n<meta property=\"og:locale\" content=\"en_US\" \/>\n<meta property=\"og:type\" content=\"article\" \/>\n<meta property=\"og:title\" content=\"Devenir partenaire - Les dragons\" \/>\n<meta property=\"og:description\" content=\"Vous souhaitez faire conna\u00eetre votre marque aupr\u00e8s d\u2019un large public, passer un moment de convivialit\u00e9 en compagnie d\u2019amis, clients ou collaborateurs ? Vous \u00eates une entreprise et vous souhaitez devenir partenaire des Dragons Catalans ? Prenez contact avec l&#8217;\u00e9quipe commerciale au 04 68 35 45 30, par mail commercial@catalansdragons.com ou via le formulaire suivant :\" \/>\n<meta property=\"og:url\" content=\"https:\/\/catalansdragons.com\/en\/devenir-partenaire\/\" \/>\n<meta property=\"og:site_name\" content=\"Les dragons\" \/>\n<meta name=\"twitter:card\" content=\"summary_large_image\" \/>\n<script type=\"application\/ld+json\" class=\"yoast-schema-graph\">{\"@context\":\"https:\\\/\\\/schema.org\",\"@graph\":[{\"@type\":\"WebPage\",\"@id\":\"https:\\\/\\\/catalansdragons.com\\\/en\\\/devenir-partenaire\\\/\",\"url\":\"https:\\\/\\\/catalansdragons.com\\\/en\\\/devenir-partenaire\\\/\",\"name\":\"Devenir partenaire - Les dragons\",\"isPartOf\":{\"@id\":\"http:\\\/\\\/catalansdragons.com\\\/en\\\/#website\"},\"datePublished\":\"2026-02-17T10:38:17+00:00\",\"breadcrumb\":{\"@id\":\"https:\\\/\\\/catalansdragons.com\\\/en\\\/devenir-partenaire\\\/#breadcrumb\"},\"inLanguage\":\"en-US\",\"potentialAction\":[{\"@type\":\"ReadAction\",\"target\":[\"https:\\\/\\\/catalansdragons.com\\\/en\\\/devenir-partenaire\\\/\"]}]},{\"@type\":\"BreadcrumbList\",\"@id\":\"https:\\\/\\\/catalansdragons.com\\\/en\\\/devenir-partenaire\\\/#breadcrumb\",\"itemListElement\":[{\"@type\":\"ListItem\",\"position\":1,\"name\":\"Accueil\",\"item\":\"https:\\\/\\\/catalansdragons.com\\\/en\\\/\"},{\"@type\":\"ListItem\",\"position\":2,\"name\":\"Devenir partenaire\"}]},{\"@type\":\"WebSite\",\"@id\":\"http:\\\/\\\/catalansdragons.com\\\/en\\\/#website\",\"url\":\"http:\\\/\\\/catalansdragons.com\\\/en\\\/\",\"name\":\"Les dragons\",\"description\":\"Les Dragons catalans sont un club professionnel fran\u00e7ais de rugby \u00e0 XIII bas\u00e9e \u00e0 Perpignan.\",\"potentialAction\":[{\"@type\":\"SearchAction\",\"target\":{\"@type\":\"EntryPoint\",\"urlTemplate\":\"http:\\\/\\\/catalansdragons.com\\\/en\\\/?s={search_term_string}\"},\"query-input\":{\"@type\":\"PropertyValueSpecification\",\"valueRequired\":true,\"valueName\":\"search_term_string\"}}],\"inLanguage\":\"en-US\"}]}<\/script>\n<!-- \/ Yoast SEO plugin. -->","yoast_head_json":{"title":"Devenir partenaire - Les dragons","robots":{"index":"index","follow":"follow","max-snippet":"max-snippet:-1","max-image-preview":"max-image-preview:large","max-video-preview":"max-video-preview:-1"},"canonical":"https:\/\/catalansdragons.com\/en\/devenir-partenaire\/","og_locale":"en_US","og_type":"article","og_title":"Devenir partenaire - Les dragons","og_description":"Vous souhaitez faire conna\u00eetre votre marque aupr\u00e8s d\u2019un large public, passer un moment de convivialit\u00e9 en compagnie d\u2019amis, clients ou collaborateurs ? Vous \u00eates une entreprise et vous souhaitez devenir partenaire des Dragons Catalans ? Prenez contact avec l&#8217;\u00e9quipe commerciale au 04 68 35 45 30, par mail commercial@catalansdragons.com ou via le formulaire suivant :","og_url":"https:\/\/catalansdragons.com\/en\/devenir-partenaire\/","og_site_name":"Les dragons","twitter_card":"summary_large_image","schema":{"@context":"https:\/\/schema.org","@graph":[{"@type":"WebPage","@id":"https:\/\/catalansdragons.com\/en\/devenir-partenaire\/","url":"https:\/\/catalansdragons.com\/en\/devenir-partenaire\/","name":"Devenir partenaire - Les dragons","isPartOf":{"@id":"http:\/\/catalansdragons.com\/en\/#website"},"datePublished":"2026-02-17T10:38:17+00:00","breadcrumb":{"@id":"https:\/\/catalansdragons.com\/en\/devenir-partenaire\/#breadcrumb"},"inLanguage":"en-US","potentialAction":[{"@type":"ReadAction","target":["https:\/\/catalansdragons.com\/en\/devenir-partenaire\/"]}]},{"@type":"BreadcrumbList","@id":"https:\/\/catalansdragons.com\/en\/devenir-partenaire\/#breadcrumb","itemListElement":[{"@type":"ListItem","position":1,"name":"Accueil","item":"https:\/\/catalansdragons.com\/en\/"},{"@type":"ListItem","position":2,"name":"Devenir partenaire"}]},{"@type":"WebSite","@id":"http:\/\/catalansdragons.com\/en\/#website","url":"http:\/\/catalansdragons.com\/en\/","name":"Les dragons","description":"Les Dragons catalans sont un club professionnel fran\u00e7ais de rugby \u00e0 XIII bas\u00e9e \u00e0 Perpignan.","potentialAction":[{"@type":"SearchAction","target":{"@type":"EntryPoint","urlTemplate":"http:\/\/catalansdragons.com\/en\/?s={search_term_string}"},"query-input":{"@type":"PropertyValueSpecification","valueRequired":true,"valueName":"search_term_string"}}],"inLanguage":"en-US"}]}},"_links":{"self":[{"href":"https:\/\/catalansdragons.com\/en\/wp-json\/wp\/v2\/pages\/5289","targetHints":{"allow":["GET"]}}],"collection":[{"href":"https:\/\/catalansdragons.com\/en\/wp-json\/wp\/v2\/pages"}],"about":[{"href":"https:\/\/catalansdragons.com\/en\/wp-json\/wp\/v2\/types\/page"}],"author":[{"embeddable":true,"href":"https:\/\/catalansdragons.com\/en\/wp-json\/wp\/v2\/users\/1"}],"replies":[{"embeddable":true,"href":"https:\/\/catalansdragons.com\/en\/wp-json\/wp\/v2\/comments?post=5289"}],"version-history":[{"count":0,"href":"https:\/\/catalansdragons.com\/en\/wp-json\/wp\/v2\/pages\/5289\/revisions"}],"wp:attachment":[{"href":"https:\/\/catalansdragons.com\/en\/wp-json\/wp\/v2\/media?parent=5289"}],"curies":[{"name":"wp","href":"https:\/\/api.w.org\/{rel}","templated":true}]}}