{"id":5277,"date":"2026-02-26T14:24:27","date_gmt":"2026-02-26T13:24:27","guid":{"rendered":"https:\/\/catalansdragons.com\/equipe-handisport\/"},"modified":"2026-02-26T14:24:27","modified_gmt":"2026-02-26T13:24:27","slug":"equipe-handisport","status":"publish","type":"page","link":"https:\/\/catalansdragons.com\/en\/equipe-handisport\/","title":{"rendered":"Equipe Handisport"},"content":{"rendered":"<p>Ils sont aujourd&#8217;hui la r\u00e9f\u00e9rence de leur discipline et collectionnent les troph\u00e9es. Multiples Champions de France et vainqueurs de la Coupe, les catalans ont \u00e9galement r\u00e9ussi \u00e0 d\u00e9crocher la Challenge Cup et la Coupe d&#8217;Europe des Clubs, qui oppose le Champion de France au Champion d&#8217;Angleterre.<\/p>\n<p><strong>Palmar\u00e8s :<\/strong><\/p>\n<ul>\n<li>Champions de France : 2008, 2009, 2010, 2011, 2013, 2014, 2015, 2016, 2018, 2019, 2022, 2023, 2024, 2025<\/li>\n<li>Coupe de France : 2008, 2009, 2010, 2011, 20212, 2013, 2014, 2015, 2018, 2023, 2024, 2025<\/li>\n<li>Challenge Cup : 2023, 2024<\/li>\n<li>European Club Challenge : 23023, 2024<\/li>\n<\/ul>\n","protected":false},"excerpt":{"rendered":"<p>Ils sont aujourd&#8217;hui la r\u00e9f\u00e9rence de leur discipline et collectionnent les troph\u00e9es. Multiples Champions de France et vainqueurs de la Coupe, les catalans ont \u00e9galement r\u00e9ussi \u00e0 d\u00e9crocher la Challenge Cup et la Coupe d&#8217;Europe des Clubs, qui oppose le Champion de France au Champion d&#8217;Angleterre. Palmar\u00e8s : Champions de France : 2008, 2009, 2010, [&hellip;]<\/p>\n","protected":false},"author":1,"featured_media":0,"parent":0,"menu_order":0,"comment_status":"closed","ping_status":"closed","template":"","meta":{"_acf_changed":false,"_et_pb_use_builder":"","_et_pb_old_content":"","_et_gb_content_width":"","footnotes":""},"class_list":["post-5277","page","type-page","status-publish","hentry"],"acf":[],"yoast_head":"<!-- This site is optimized with the Yoast SEO plugin v27.4 - https:\/\/yoast.com\/product\/yoast-seo-wordpress\/ -->\n<title>Equipe Handisport - Les dragons<\/title>\n<meta name=\"robots\" content=\"index, follow, max-snippet:-1, max-image-preview:large, max-video-preview:-1\" \/>\n<link rel=\"canonical\" href=\"https:\/\/catalansdragons.com\/en\/equipe-handisport\/\" \/>\n<meta property=\"og:locale\" content=\"en_US\" \/>\n<meta property=\"og:type\" content=\"article\" \/>\n<meta property=\"og:title\" content=\"Equipe Handisport - Les dragons\" \/>\n<meta property=\"og:description\" content=\"Ils sont aujourd&#8217;hui la r\u00e9f\u00e9rence de leur discipline et collectionnent les troph\u00e9es. Multiples Champions de France et vainqueurs de la Coupe, les catalans ont \u00e9galement r\u00e9ussi \u00e0 d\u00e9crocher la Challenge Cup et la Coupe d&#8217;Europe des Clubs, qui oppose le Champion de France au Champion d&#8217;Angleterre. Palmar\u00e8s : Champions de France : 2008, 2009, 2010, [&hellip;]\" \/>\n<meta property=\"og:url\" content=\"https:\/\/catalansdragons.com\/en\/equipe-handisport\/\" \/>\n<meta property=\"og:site_name\" content=\"Les dragons\" \/>\n<meta name=\"twitter:card\" content=\"summary_large_image\" \/>\n<script type=\"application\/ld+json\" class=\"yoast-schema-graph\">{\"@context\":\"https:\\\/\\\/schema.org\",\"@graph\":[{\"@type\":\"WebPage\",\"@id\":\"https:\\\/\\\/catalansdragons.com\\\/en\\\/equipe-handisport\\\/\",\"url\":\"https:\\\/\\\/catalansdragons.com\\\/en\\\/equipe-handisport\\\/\",\"name\":\"Equipe Handisport - Les dragons\",\"isPartOf\":{\"@id\":\"http:\\\/\\\/catalansdragons.com\\\/en\\\/#website\"},\"datePublished\":\"2026-02-26T13:24:27+00:00\",\"breadcrumb\":{\"@id\":\"https:\\\/\\\/catalansdragons.com\\\/en\\\/equipe-handisport\\\/#breadcrumb\"},\"inLanguage\":\"en-US\",\"potentialAction\":[{\"@type\":\"ReadAction\",\"target\":[\"https:\\\/\\\/catalansdragons.com\\\/en\\\/equipe-handisport\\\/\"]}]},{\"@type\":\"BreadcrumbList\",\"@id\":\"https:\\\/\\\/catalansdragons.com\\\/en\\\/equipe-handisport\\\/#breadcrumb\",\"itemListElement\":[{\"@type\":\"ListItem\",\"position\":1,\"name\":\"Accueil\",\"item\":\"https:\\\/\\\/catalansdragons.com\\\/en\\\/\"},{\"@type\":\"ListItem\",\"position\":2,\"name\":\"Equipe Handisport\"}]},{\"@type\":\"WebSite\",\"@id\":\"http:\\\/\\\/catalansdragons.com\\\/en\\\/#website\",\"url\":\"http:\\\/\\\/catalansdragons.com\\\/en\\\/\",\"name\":\"Les dragons\",\"description\":\"Les Dragons catalans sont un club professionnel fran\u00e7ais de rugby \u00e0 XIII bas\u00e9e \u00e0 Perpignan.\",\"potentialAction\":[{\"@type\":\"SearchAction\",\"target\":{\"@type\":\"EntryPoint\",\"urlTemplate\":\"http:\\\/\\\/catalansdragons.com\\\/en\\\/?s={search_term_string}\"},\"query-input\":{\"@type\":\"PropertyValueSpecification\",\"valueRequired\":true,\"valueName\":\"search_term_string\"}}],\"inLanguage\":\"en-US\"}]}<\/script>\n<!-- \/ Yoast SEO plugin. -->","yoast_head_json":{"title":"Equipe Handisport - Les dragons","robots":{"index":"index","follow":"follow","max-snippet":"max-snippet:-1","max-image-preview":"max-image-preview:large","max-video-preview":"max-video-preview:-1"},"canonical":"https:\/\/catalansdragons.com\/en\/equipe-handisport\/","og_locale":"en_US","og_type":"article","og_title":"Equipe Handisport - Les dragons","og_description":"Ils sont aujourd&#8217;hui la r\u00e9f\u00e9rence de leur discipline et collectionnent les troph\u00e9es. Multiples Champions de France et vainqueurs de la Coupe, les catalans ont \u00e9galement r\u00e9ussi \u00e0 d\u00e9crocher la Challenge Cup et la Coupe d&#8217;Europe des Clubs, qui oppose le Champion de France au Champion d&#8217;Angleterre. Palmar\u00e8s : Champions de France : 2008, 2009, 2010, [&hellip;]","og_url":"https:\/\/catalansdragons.com\/en\/equipe-handisport\/","og_site_name":"Les dragons","twitter_card":"summary_large_image","schema":{"@context":"https:\/\/schema.org","@graph":[{"@type":"WebPage","@id":"https:\/\/catalansdragons.com\/en\/equipe-handisport\/","url":"https:\/\/catalansdragons.com\/en\/equipe-handisport\/","name":"Equipe Handisport - Les dragons","isPartOf":{"@id":"http:\/\/catalansdragons.com\/en\/#website"},"datePublished":"2026-02-26T13:24:27+00:00","breadcrumb":{"@id":"https:\/\/catalansdragons.com\/en\/equipe-handisport\/#breadcrumb"},"inLanguage":"en-US","potentialAction":[{"@type":"ReadAction","target":["https:\/\/catalansdragons.com\/en\/equipe-handisport\/"]}]},{"@type":"BreadcrumbList","@id":"https:\/\/catalansdragons.com\/en\/equipe-handisport\/#breadcrumb","itemListElement":[{"@type":"ListItem","position":1,"name":"Accueil","item":"https:\/\/catalansdragons.com\/en\/"},{"@type":"ListItem","position":2,"name":"Equipe Handisport"}]},{"@type":"WebSite","@id":"http:\/\/catalansdragons.com\/en\/#website","url":"http:\/\/catalansdragons.com\/en\/","name":"Les dragons","description":"Les Dragons catalans sont un club professionnel fran\u00e7ais de rugby \u00e0 XIII bas\u00e9e \u00e0 Perpignan.","potentialAction":[{"@type":"SearchAction","target":{"@type":"EntryPoint","urlTemplate":"http:\/\/catalansdragons.com\/en\/?s={search_term_string}"},"query-input":{"@type":"PropertyValueSpecification","valueRequired":true,"valueName":"search_term_string"}}],"inLanguage":"en-US"}]}},"_links":{"self":[{"href":"https:\/\/catalansdragons.com\/en\/wp-json\/wp\/v2\/pages\/5277","targetHints":{"allow":["GET"]}}],"collection":[{"href":"https:\/\/catalansdragons.com\/en\/wp-json\/wp\/v2\/pages"}],"about":[{"href":"https:\/\/catalansdragons.com\/en\/wp-json\/wp\/v2\/types\/page"}],"author":[{"embeddable":true,"href":"https:\/\/catalansdragons.com\/en\/wp-json\/wp\/v2\/users\/1"}],"replies":[{"embeddable":true,"href":"https:\/\/catalansdragons.com\/en\/wp-json\/wp\/v2\/comments?post=5277"}],"version-history":[{"count":0,"href":"https:\/\/catalansdragons.com\/en\/wp-json\/wp\/v2\/pages\/5277\/revisions"}],"wp:attachment":[{"href":"https:\/\/catalansdragons.com\/en\/wp-json\/wp\/v2\/media?parent=5277"}],"curies":[{"name":"wp","href":"https:\/\/api.w.org\/{rel}","templated":true}]}}