{"id":5272,"date":"2026-03-10T11:13:18","date_gmt":"2026-03-10T10:13:18","guid":{"rendered":"https:\/\/catalansdragons.com\/parrains-des-joueurs-2026\/"},"modified":"2026-03-10T11:13:18","modified_gmt":"2026-03-10T10:13:18","slug":"parrains-des-joueurs-2026","status":"publish","type":"page","link":"https:\/\/catalansdragons.com\/en\/partenaires\/parrains-des-joueurs-2026\/","title":{"rendered":"Parrains des joueurs 2026"},"content":{"rendered":"<p><span class=\"ic_titre1\">La liste des parrains 2026 :<\/span><\/p>\n<p><strong>1\u00a0<\/strong><strong>Charlie Staines<\/strong><br \/>\nLa Pyr\u00e9n\u00e9enne Hygi\u00e8ne Services | Buffalo Grill Perpignan &#8211; Rivesaltes<\/p>\n<p><strong>2 Tommy Makinson<\/strong><br \/>\nAllianz Damien Mary | Teste Peinture<\/p>\n<p><strong>3\u00a0<\/strong><strong>Nick Cotric<\/strong><br \/>\nCasas Distribution | Dragons Business Club<\/p>\n<p><strong>4\u00a0<\/strong><strong>Solomona Faataape<\/strong><br \/>\nLa Pyr\u00e9n\u00e9enne | Blancom<\/p>\n<p><strong>5\u00a0<\/strong><strong>Manase Kaho<\/strong><br \/>\nCarrosserie du sud &#8211; Solution auto<\/p>\n<p><b>6\u00a0<\/b><strong>Toby Sexton<\/strong><br \/>\nDurand et Fils | Domaine Sol Payr\u00e9<\/p>\n<p><strong>7 Lewis Dodd<\/strong><br \/>\nPeyrot Automobile | Guasch Viandes<\/p>\n<p><strong>8 Chris Satae<\/strong><br \/>\nLinar\u00e8s Groupe Valocat | Carrosserie Cyjade<\/p>\n<p><strong>9 Alrix Da Costa<\/strong><br \/>\nLes Agents Axa | Marques Dallage<\/p>\n<p><strong>10 Julian Bousquet<\/strong><br \/>\nMadine Electro Services<\/p>\n<p><strong>11 Franck Maria<\/strong><br \/>\nSolution DEP<\/p>\n<p><strong>12 Ben Condon<\/strong><br \/>\nCamblong Fruit L\u00e9gume | Imprimerie du mas<\/p>\n<p><strong>13 Benjamin Garcia<\/strong><br \/>\nAG M\u00e9tal | Climatherm<\/p>\n<p><strong>14\u00a0<\/strong><strong>Phoenix Laulu-Togaga&#8217;e<\/strong><br \/>\nDomiris<\/p>\n<p><strong>15\u00a0<\/strong><strong>Iszac Fa\u2019asuamaleaui<\/strong><br \/>\nL\u2019atelier Architecte | Durand &amp; Fils<\/p>\n<p><strong>16\u00a0<\/strong><strong>Josh Allen<\/strong><br \/>\nASC Electronique | Catanet Nettoyage<\/p>\n<p><strong>17 Romain Navarrete<\/strong><br \/>\nReha Team | Actif<\/p>\n<p><strong>18 Harvey Wilson<\/strong><br \/>\nMedrano Roques<\/p>\n<p><strong>19 Kruise Leeming<\/strong><br \/>\nAgrid\u00e9pot | Catanet<\/p>\n<p><strong>20 Zac Lipowicz<\/strong><br \/>\nCatanet | Autocars Vaills Asperi<\/p>\n<p><strong>21 Matthieu Laguerre<\/strong><br \/>\nEuromaster Argel\u00e8s | DPS Traitech<\/p>\n<p><strong>22 Josh Simm<\/strong><br \/>\nIntermarch\u00e9 Canet-en-Roussillon<\/p>\n<p><strong>23 Matty Russell<\/strong><br \/>\nCarrosserie du sud &#8211; Solution auto<\/p>\n<p><strong>24 Guillermo Aispuro-Bichet<\/strong><br \/>\nReha Team | Groupe Monros<\/p>\n<p><strong>25 Lenny Marc<br \/>\n<\/strong>Les Toiles du Soleil<\/p>\n<p><strong>26 Ugo Tison<\/strong><br \/>\nGroupe Monros | Les Agents Axa<\/p>\n<p><strong>27 Cl\u00e9ment Martin<\/strong><br \/>\nDelnet Nettoyage<\/p>\n<p><strong>28 L\u00e9o Darr\u00e9latour<\/strong><br \/>\nGroupe Monros | Reha Team<\/p>\n<p><b>29\u00a0<\/b><strong>Giovanni Descalzi<\/strong><\/p>\n<p><strong>30 Alexis Lis<\/strong><br \/>\n<span data-olk-copy-source=\"MessageBody\">Assistance Expertise B\u00e2timent | Pyrescom | Brasserie des Dragons<\/span><\/p>\n","protected":false},"excerpt":{"rendered":"<p>La liste des parrains 2026 : 1\u00a0Charlie Staines La Pyr\u00e9n\u00e9enne Hygi\u00e8ne Services | Buffalo Grill Perpignan &#8211; Rivesaltes 2 Tommy Makinson Allianz Damien Mary | Teste Peinture 3\u00a0Nick Cotric Casas Distribution | Dragons Business Club 4\u00a0Solomona Faataape La Pyr\u00e9n\u00e9enne | Blancom 5\u00a0Manase Kaho Carrosserie du sud &#8211; Solution auto 6\u00a0Toby Sexton Durand et Fils | [&hellip;]<\/p>\n","protected":false},"author":6,"featured_media":5273,"parent":5292,"menu_order":0,"comment_status":"closed","ping_status":"closed","template":"","meta":{"_acf_changed":false,"_et_pb_use_builder":"","_et_pb_old_content":"","_et_gb_content_width":"","footnotes":""},"class_list":["post-5272","page","type-page","status-publish","has-post-thumbnail","hentry"],"acf":[],"yoast_head":"<!-- This site is optimized with the Yoast SEO plugin v27.4 - https:\/\/yoast.com\/product\/yoast-seo-wordpress\/ -->\n<title>Parrains des joueurs 2026 - Les dragons<\/title>\n<meta name=\"robots\" content=\"index, follow, max-snippet:-1, max-image-preview:large, max-video-preview:-1\" \/>\n<link rel=\"canonical\" href=\"https:\/\/catalansdragons.com\/en\/partenaires\/parrains-des-joueurs-2026\/\" \/>\n<meta property=\"og:locale\" content=\"en_US\" \/>\n<meta property=\"og:type\" content=\"article\" \/>\n<meta property=\"og:title\" content=\"Parrains des joueurs 2026 - Les dragons\" \/>\n<meta property=\"og:description\" content=\"La liste des parrains 2026 : 1\u00a0Charlie Staines La Pyr\u00e9n\u00e9enne Hygi\u00e8ne Services | Buffalo Grill Perpignan &#8211; Rivesaltes 2 Tommy Makinson Allianz Damien Mary | Teste Peinture 3\u00a0Nick Cotric Casas Distribution | Dragons Business Club 4\u00a0Solomona Faataape La Pyr\u00e9n\u00e9enne | Blancom 5\u00a0Manase Kaho Carrosserie du sud &#8211; Solution auto 6\u00a0Toby Sexton Durand et Fils | [&hellip;]\" \/>\n<meta property=\"og:url\" content=\"https:\/\/catalansdragons.com\/en\/partenaires\/parrains-des-joueurs-2026\/\" \/>\n<meta property=\"og:site_name\" content=\"Les dragons\" \/>\n<meta name=\"twitter:card\" content=\"summary_large_image\" \/>\n<script type=\"application\/ld+json\" class=\"yoast-schema-graph\">{\"@context\":\"https:\\\/\\\/schema.org\",\"@graph\":[{\"@type\":\"WebPage\",\"@id\":\"https:\\\/\\\/catalansdragons.com\\\/en\\\/partenaires\\\/parrains-des-joueurs-2026\\\/\",\"url\":\"https:\\\/\\\/catalansdragons.com\\\/en\\\/partenaires\\\/parrains-des-joueurs-2026\\\/\",\"name\":\"Parrains des joueurs 2026 - Les dragons\",\"isPartOf\":{\"@id\":\"http:\\\/\\\/catalansdragons.com\\\/en\\\/#website\"},\"primaryImageOfPage\":{\"@id\":\"https:\\\/\\\/catalansdragons.com\\\/en\\\/partenaires\\\/parrains-des-joueurs-2026\\\/#primaryimage\"},\"image\":{\"@id\":\"https:\\\/\\\/catalansdragons.com\\\/en\\\/partenaires\\\/parrains-des-joueurs-2026\\\/#primaryimage\"},\"thumbnailUrl\":\"https:\\\/\\\/catalansdragons.com\\\/wp-content\\\/uploads\\\/2026\\\/03\\\/datPhoto1_697b16dc1fe5a_.jpg\",\"datePublished\":\"2026-03-10T10:13:18+00:00\",\"breadcrumb\":{\"@id\":\"https:\\\/\\\/catalansdragons.com\\\/en\\\/partenaires\\\/parrains-des-joueurs-2026\\\/#breadcrumb\"},\"inLanguage\":\"en-US\",\"potentialAction\":[{\"@type\":\"ReadAction\",\"target\":[\"https:\\\/\\\/catalansdragons.com\\\/en\\\/partenaires\\\/parrains-des-joueurs-2026\\\/\"]}]},{\"@type\":\"ImageObject\",\"inLanguage\":\"en-US\",\"@id\":\"https:\\\/\\\/catalansdragons.com\\\/en\\\/partenaires\\\/parrains-des-joueurs-2026\\\/#primaryimage\",\"url\":\"https:\\\/\\\/catalansdragons.com\\\/wp-content\\\/uploads\\\/2026\\\/03\\\/datPhoto1_697b16dc1fe5a_.jpg\",\"contentUrl\":\"https:\\\/\\\/catalansdragons.com\\\/wp-content\\\/uploads\\\/2026\\\/03\\\/datPhoto1_697b16dc1fe5a_.jpg\",\"width\":1480,\"height\":987},{\"@type\":\"BreadcrumbList\",\"@id\":\"https:\\\/\\\/catalansdragons.com\\\/en\\\/partenaires\\\/parrains-des-joueurs-2026\\\/#breadcrumb\",\"itemListElement\":[{\"@type\":\"ListItem\",\"position\":1,\"name\":\"Accueil\",\"item\":\"https:\\\/\\\/catalansdragons.com\\\/en\\\/\"},{\"@type\":\"ListItem\",\"position\":2,\"name\":\"Parrains des joueurs 2026\"}]},{\"@type\":\"WebSite\",\"@id\":\"http:\\\/\\\/catalansdragons.com\\\/en\\\/#website\",\"url\":\"http:\\\/\\\/catalansdragons.com\\\/en\\\/\",\"name\":\"Les dragons\",\"description\":\"Les Dragons catalans sont un club professionnel fran\u00e7ais de rugby \u00e0 XIII bas\u00e9e \u00e0 Perpignan.\",\"potentialAction\":[{\"@type\":\"SearchAction\",\"target\":{\"@type\":\"EntryPoint\",\"urlTemplate\":\"http:\\\/\\\/catalansdragons.com\\\/en\\\/?s={search_term_string}\"},\"query-input\":{\"@type\":\"PropertyValueSpecification\",\"valueRequired\":true,\"valueName\":\"search_term_string\"}}],\"inLanguage\":\"en-US\"}]}<\/script>\n<!-- \/ Yoast SEO plugin. -->","yoast_head_json":{"title":"Parrains des joueurs 2026 - Les dragons","robots":{"index":"index","follow":"follow","max-snippet":"max-snippet:-1","max-image-preview":"max-image-preview:large","max-video-preview":"max-video-preview:-1"},"canonical":"https:\/\/catalansdragons.com\/en\/partenaires\/parrains-des-joueurs-2026\/","og_locale":"en_US","og_type":"article","og_title":"Parrains des joueurs 2026 - Les dragons","og_description":"La liste des parrains 2026 : 1\u00a0Charlie Staines La Pyr\u00e9n\u00e9enne Hygi\u00e8ne Services | Buffalo Grill Perpignan &#8211; Rivesaltes 2 Tommy Makinson Allianz Damien Mary | Teste Peinture 3\u00a0Nick Cotric Casas Distribution | Dragons Business Club 4\u00a0Solomona Faataape La Pyr\u00e9n\u00e9enne | Blancom 5\u00a0Manase Kaho Carrosserie du sud &#8211; Solution auto 6\u00a0Toby Sexton Durand et Fils | [&hellip;]","og_url":"https:\/\/catalansdragons.com\/en\/partenaires\/parrains-des-joueurs-2026\/","og_site_name":"Les dragons","twitter_card":"summary_large_image","schema":{"@context":"https:\/\/schema.org","@graph":[{"@type":"WebPage","@id":"https:\/\/catalansdragons.com\/en\/partenaires\/parrains-des-joueurs-2026\/","url":"https:\/\/catalansdragons.com\/en\/partenaires\/parrains-des-joueurs-2026\/","name":"Parrains des joueurs 2026 - Les dragons","isPartOf":{"@id":"http:\/\/catalansdragons.com\/en\/#website"},"primaryImageOfPage":{"@id":"https:\/\/catalansdragons.com\/en\/partenaires\/parrains-des-joueurs-2026\/#primaryimage"},"image":{"@id":"https:\/\/catalansdragons.com\/en\/partenaires\/parrains-des-joueurs-2026\/#primaryimage"},"thumbnailUrl":"https:\/\/catalansdragons.com\/wp-content\/uploads\/2026\/03\/datPhoto1_697b16dc1fe5a_.jpg","datePublished":"2026-03-10T10:13:18+00:00","breadcrumb":{"@id":"https:\/\/catalansdragons.com\/en\/partenaires\/parrains-des-joueurs-2026\/#breadcrumb"},"inLanguage":"en-US","potentialAction":[{"@type":"ReadAction","target":["https:\/\/catalansdragons.com\/en\/partenaires\/parrains-des-joueurs-2026\/"]}]},{"@type":"ImageObject","inLanguage":"en-US","@id":"https:\/\/catalansdragons.com\/en\/partenaires\/parrains-des-joueurs-2026\/#primaryimage","url":"https:\/\/catalansdragons.com\/wp-content\/uploads\/2026\/03\/datPhoto1_697b16dc1fe5a_.jpg","contentUrl":"https:\/\/catalansdragons.com\/wp-content\/uploads\/2026\/03\/datPhoto1_697b16dc1fe5a_.jpg","width":1480,"height":987},{"@type":"BreadcrumbList","@id":"https:\/\/catalansdragons.com\/en\/partenaires\/parrains-des-joueurs-2026\/#breadcrumb","itemListElement":[{"@type":"ListItem","position":1,"name":"Accueil","item":"https:\/\/catalansdragons.com\/en\/"},{"@type":"ListItem","position":2,"name":"Parrains des joueurs 2026"}]},{"@type":"WebSite","@id":"http:\/\/catalansdragons.com\/en\/#website","url":"http:\/\/catalansdragons.com\/en\/","name":"Les dragons","description":"Les Dragons catalans sont un club professionnel fran\u00e7ais de rugby \u00e0 XIII bas\u00e9e \u00e0 Perpignan.","potentialAction":[{"@type":"SearchAction","target":{"@type":"EntryPoint","urlTemplate":"http:\/\/catalansdragons.com\/en\/?s={search_term_string}"},"query-input":{"@type":"PropertyValueSpecification","valueRequired":true,"valueName":"search_term_string"}}],"inLanguage":"en-US"}]}},"_links":{"self":[{"href":"https:\/\/catalansdragons.com\/en\/wp-json\/wp\/v2\/pages\/5272","targetHints":{"allow":["GET"]}}],"collection":[{"href":"https:\/\/catalansdragons.com\/en\/wp-json\/wp\/v2\/pages"}],"about":[{"href":"https:\/\/catalansdragons.com\/en\/wp-json\/wp\/v2\/types\/page"}],"author":[{"embeddable":true,"href":"https:\/\/catalansdragons.com\/en\/wp-json\/wp\/v2\/users\/6"}],"replies":[{"embeddable":true,"href":"https:\/\/catalansdragons.com\/en\/wp-json\/wp\/v2\/comments?post=5272"}],"version-history":[{"count":0,"href":"https:\/\/catalansdragons.com\/en\/wp-json\/wp\/v2\/pages\/5272\/revisions"}],"up":[{"embeddable":true,"href":"https:\/\/catalansdragons.com\/en\/wp-json\/wp\/v2\/pages\/5292"}],"wp:featuredmedia":[{"embeddable":true,"href":"https:\/\/catalansdragons.com\/en\/wp-json\/wp\/v2\/media\/5273"}],"wp:attachment":[{"href":"https:\/\/catalansdragons.com\/en\/wp-json\/wp\/v2\/media?parent=5272"}],"curies":[{"name":"wp","href":"https:\/\/api.w.org\/{rel}","templated":true}]}}