{"id":5267,"date":"2026-03-30T11:22:52","date_gmt":"2026-03-30T10:22:52","guid":{"rendered":"https:\/\/catalansdragons.com\/classement\/"},"modified":"2026-03-30T11:22:52","modified_gmt":"2026-03-30T10:22:52","slug":"classement","status":"publish","type":"page","link":"https:\/\/catalansdragons.com\/en\/classement\/","title":{"rendered":"Classement"},"content":{"rendered":"    <style>\n        .classement-container table {\n            width: 100%;\n            border-collapse: separate;\n        }\n\n        .classement-container {\n            overflow-x: scroll;\n        }\n\n        .score-table {\n            border-collapse: collapse;\n\n            tr td {\n                border-bottom: 1px solid #000;\n\n                img {\n                    max-height: 60px;\n                    min-height: 60px;\n                }\n\n                &:nth-child(2) {\n                    min-width: 130px;\n                }\n            }\n\n            td {\n                min-width: 50px;\n            }\n        }\n\n        .score-text,\n        th {\n            text-align: center;\n        }\n\n        .pushed {\n            background-color: #C5000C !important;\n            color: #fff !important;\n        }\n\n        .classement-container table tr:nth-child(2n +1) {\n            background-color: #fff;\n            transition: transform 0.2s ease;\n        }\n\n        .classement-container td {\n            padding: 10px;\n            vertical-align: middle;\n            font-weight: bold;\n            font-size: 16px;\n            text-transform: uppercase;\n        }\n\n        .classement-container td:first-child {\n            width: 50px;\n            text-align: center;\n        }\n\n        .classement-container td:nth-child(2) {\n            width: 60px;\n            text-align: center;\n            padding: 10px 0;\n        }\n\n        .classement-container td:last-child {\n            text-align: center;\n            padding-right: 10px;\n        }\n\n        .classement-container td img {\n            display: block;\n            margin: auto;\n            width: auto;\n            max-height: 25px;\n        }\n\n        .classement-container tr.pushed {\n            background-color: #C5000C;\n        }\n\n        .classement-container tr.pushed td {\n            color: #fff !important;\n        }\n\n        .classement-container tr:first-child:not(.pushed) td:first-child,\n        .classement-container tr:first-child:not(.pushed) td:nth-child(3),\n        .classement-container tr:first-child:not(.pushed) td:last-child {\n            color: #e30613;\n        }\n    <\/style>\n    <div class=\"classement-container\">\n                    <table class=\"score-table\">\n                <tr>\n                    <th colspan=\"3\"><\/th>\n                    <th>P<\/th>\n                    <th>W<\/th>\n                    <th>D<\/th>\n                    <th>L<\/th>\n                    <th>PF<\/th>\n                    <th>PA<\/th>\n                    <th>PD<\/th>\n                    <th>PTS<\/th>\n                <\/tr>\n                                        <tr class=\"\">\n                            <td>1<\/td>\n                            <td>\n                                                                    <img decoding=\"async\" src=\"https:\/\/catalansdragons.com\/wp-content\/uploads\/2026\/02\/logo-st-helens.avif\" class=\"score-logo\">\n                                                            <\/td>\n                            <td>\n                                <strong>St Helens<\/strong>\n                            <\/td>\n                            <td class=\"score-text\">8<\/td>\n                            <td class=\"score-text\">6<\/td>\n                            <td class=\"score-text\">0<\/td>\n                            <td class=\"score-text\">2<\/td>\n                            <td class=\"score-text\">194<\/td>\n                            <td class=\"score-text\">174<\/td>\n                            <td class=\"score-text\">20<\/td>\n                            <td class=\"score-text\">12<\/td>\n                        <\/tr>\n                                                            <tr class=\"\">\n                            <td>2<\/td>\n                            <td>\n                                                                    <img decoding=\"async\" src=\"https:\/\/catalansdragons.com\/wp-content\/uploads\/2026\/02\/logo-warrington.png\" class=\"score-logo\">\n                                                            <\/td>\n                            <td>\n                                <strong>Warrington wolves<\/strong>\n                            <\/td>\n                            <td class=\"score-text\">6<\/td>\n                            <td class=\"score-text\">5<\/td>\n                            <td class=\"score-text\">0<\/td>\n                            <td class=\"score-text\">1<\/td>\n                            <td class=\"score-text\">225<\/td>\n                            <td class=\"score-text\">98<\/td>\n                            <td class=\"score-text\">127<\/td>\n                            <td class=\"score-text\">10<\/td>\n                        <\/tr>\n                                                            <tr class=\"\">\n                            <td>3<\/td>\n                            <td>\n                                                                    <img decoding=\"async\" src=\"https:\/\/catalansdragons.com\/wp-content\/uploads\/2026\/02\/logo-rhinos.avif\" class=\"score-logo\">\n                                                            <\/td>\n                            <td>\n                                <strong>Leeds Rhinos<\/strong>\n                            <\/td>\n                            <td class=\"score-text\">7<\/td>\n                            <td class=\"score-text\">5<\/td>\n                            <td class=\"score-text\">0<\/td>\n                            <td class=\"score-text\">2<\/td>\n                            <td class=\"score-text\">206<\/td>\n                            <td class=\"score-text\">108<\/td>\n                            <td class=\"score-text\">98<\/td>\n                            <td class=\"score-text\">10<\/td>\n                        <\/tr>\n                                                            <tr class=\"\">\n                            <td>4<\/td>\n                            <td>\n                                                                    <img decoding=\"async\" src=\"https:\/\/catalansdragons.com\/wp-content\/uploads\/2026\/02\/logo-wigan.avif\" class=\"score-logo\">\n                                                            <\/td>\n                            <td>\n                                <strong>Wigan warriors<\/strong>\n                            <\/td>\n                            <td class=\"score-text\">7<\/td>\n                            <td class=\"score-text\">5<\/td>\n                            <td class=\"score-text\">0<\/td>\n                            <td class=\"score-text\">2<\/td>\n                            <td class=\"score-text\">213<\/td>\n                            <td class=\"score-text\">128<\/td>\n                            <td class=\"score-text\">85<\/td>\n                            <td class=\"score-text\">10<\/td>\n                        <\/tr>\n                                                            <tr class=\"\">\n                            <td>5<\/td>\n                            <td>\n                                                                    <img decoding=\"async\" src=\"https:\/\/catalansdragons.com\/wp-content\/uploads\/2026\/02\/logo-wakefield.avif\" class=\"score-logo\">\n                                                            <\/td>\n                            <td>\n                                <strong>Wakefield Trinity<\/strong>\n                            <\/td>\n                            <td class=\"score-text\">7<\/td>\n                            <td class=\"score-text\">5<\/td>\n                            <td class=\"score-text\">0<\/td>\n                            <td class=\"score-text\">2<\/td>\n                            <td class=\"score-text\">142<\/td>\n                            <td class=\"score-text\">99<\/td>\n                            <td class=\"score-text\">43<\/td>\n                            <td class=\"score-text\">10<\/td>\n                        <\/tr>\n                                                            <tr class=\"pushed\">\n                            <td>6<\/td>\n                            <td>\n                                                                    <img decoding=\"async\" src=\"https:\/\/catalansdragons.com\/wp-content\/uploads\/2026\/02\/Logo_Dragons.svg\" class=\"score-logo\">\n                                                            <\/td>\n                            <td>\n                                <strong>Dragons catalans<\/strong>\n                            <\/td>\n                            <td class=\"score-text\">7<\/td>\n                            <td class=\"score-text\">4<\/td>\n                            <td class=\"score-text\">0<\/td>\n                            <td class=\"score-text\">3<\/td>\n                            <td class=\"score-text\">141<\/td>\n                            <td class=\"score-text\">160<\/td>\n                            <td class=\"score-text\">-19<\/td>\n                            <td class=\"score-text\">8<\/td>\n                        <\/tr>\n                                                            <tr class=\"\">\n                            <td>7<\/td>\n                            <td>\n                                                                    <img decoding=\"async\" src=\"https:\/\/catalansdragons.com\/wp-content\/uploads\/2026\/02\/logo-hull-kr.avif\" class=\"score-logo\">\n                                                            <\/td>\n                            <td>\n                                <strong>Hull KR<\/strong>\n                            <\/td>\n                            <td class=\"score-text\">6<\/td>\n                            <td class=\"score-text\">3<\/td>\n                            <td class=\"score-text\">0<\/td>\n                            <td class=\"score-text\">3<\/td>\n                            <td class=\"score-text\">152<\/td>\n                            <td class=\"score-text\">125<\/td>\n                            <td class=\"score-text\">27<\/td>\n                            <td class=\"score-text\">6<\/td>\n                        <\/tr>\n                                                            <tr class=\"\">\n                            <td>8<\/td>\n                            <td>\n                                                                    <img decoding=\"async\" src=\"https:\/\/catalansdragons.com\/wp-content\/uploads\/2026\/02\/logo-bradford-bulls.svg\" class=\"score-logo\">\n                                                            <\/td>\n                            <td>\n                                <strong>Bradford bulls<\/strong>\n                            <\/td>\n                            <td class=\"score-text\">7<\/td>\n                            <td class=\"score-text\">3<\/td>\n                            <td class=\"score-text\">0<\/td>\n                            <td class=\"score-text\">4<\/td>\n                            <td class=\"score-text\">154<\/td>\n                            <td class=\"score-text\">147<\/td>\n                            <td class=\"score-text\">7<\/td>\n                            <td class=\"score-text\">6<\/td>\n                        <\/tr>\n                                                            <tr class=\"\">\n                            <td>9<\/td>\n                            <td>\n                                                                    <img decoding=\"async\" src=\"https:\/\/catalansdragons.com\/wp-content\/uploads\/2026\/02\/logo-hull-fc.avif\" class=\"score-logo\">\n                                                            <\/td>\n                            <td>\n                                <strong>Hull FC<\/strong>\n                            <\/td>\n                            <td class=\"score-text\">8<\/td>\n                            <td class=\"score-text\">3<\/td>\n                            <td class=\"score-text\">0<\/td>\n                            <td class=\"score-text\">5<\/td>\n                            <td class=\"score-text\">127<\/td>\n                            <td class=\"score-text\">169<\/td>\n                            <td class=\"score-text\">-42<\/td>\n                            <td class=\"score-text\">6<\/td>\n                        <\/tr>\n                                                            <tr class=\"\">\n                            <td>10<\/td>\n                            <td>\n                                                                    <img decoding=\"async\" src=\"https:\/\/catalansdragons.com\/wp-content\/uploads\/2026\/02\/LOGO_TO_blason_blanc-fond-bleu.png\" class=\"score-logo\">\n                                                            <\/td>\n                            <td>\n                                <strong>Toulouse Olympique<\/strong>\n                            <\/td>\n                            <td class=\"score-text\">7<\/td>\n                            <td class=\"score-text\">3<\/td>\n                            <td class=\"score-text\">0<\/td>\n                            <td class=\"score-text\">4<\/td>\n                            <td class=\"score-text\">126<\/td>\n                            <td class=\"score-text\">166<\/td>\n                            <td class=\"score-text\">-40<\/td>\n                            <td class=\"score-text\">4<\/td>\n                        <\/tr>\n                                                            <tr class=\"\">\n                            <td>11<\/td>\n                            <td>\n                                                                    <img decoding=\"async\" src=\"https:\/\/catalansdragons.com\/wp-content\/uploads\/2026\/02\/logo-huddersfielde.avif\" class=\"score-logo\">\n                                                            <\/td>\n                            <td>\n                                <strong>Huddersfield Giants<\/strong>\n                            <\/td>\n                            <td class=\"score-text\">7<\/td>\n                            <td class=\"score-text\">2<\/td>\n                            <td class=\"score-text\">0<\/td>\n                            <td class=\"score-text\">5<\/td>\n                            <td class=\"score-text\">122<\/td>\n                            <td class=\"score-text\">166<\/td>\n                            <td class=\"score-text\">-44<\/td>\n                            <td class=\"score-text\">4<\/td>\n                        <\/tr>\n                                                            <tr class=\"\">\n                            <td>12<\/td>\n                            <td>\n                                                                    <img decoding=\"async\" src=\"https:\/\/catalansdragons.com\/wp-content\/uploads\/2026\/02\/Knights-Primary-Logo.avif\" class=\"score-logo\">\n                                                            <\/td>\n                            <td>\n                                <strong>York Knights<\/strong>\n                            <\/td>\n                            <td class=\"score-text\">7<\/td>\n                            <td class=\"score-text\">2<\/td>\n                            <td class=\"score-text\">0<\/td>\n                            <td class=\"score-text\">5<\/td>\n                            <td class=\"score-text\">130<\/td>\n                            <td class=\"score-text\">201<\/td>\n                            <td class=\"score-text\">-71<\/td>\n                            <td class=\"score-text\">4<\/td>\n                        <\/tr>\n                                                            <tr class=\"\">\n                            <td>13<\/td>\n                            <td>\n                                                                    <img decoding=\"async\" src=\"https:\/\/catalansdragons.com\/wp-content\/uploads\/2026\/02\/logo-leigh.avif\" class=\"score-logo\">\n                                                            <\/td>\n                            <td>\n                                <strong>Leigh Leopards<\/strong>\n                            <\/td>\n                            <td class=\"score-text\">7<\/td>\n                            <td class=\"score-text\">2<\/td>\n                            <td class=\"score-text\">0<\/td>\n                            <td class=\"score-text\">5<\/td>\n                            <td class=\"score-text\">101<\/td>\n                            <td class=\"score-text\">190<\/td>\n                            <td class=\"score-text\">-89<\/td>\n                            <td class=\"score-text\">4<\/td>\n                        <\/tr>\n                                                            <tr class=\"\">\n                            <td>14<\/td>\n                            <td>\n                                                                    <img decoding=\"async\" src=\"https:\/\/catalansdragons.com\/wp-content\/uploads\/2026\/02\/logo-castleford.avif\" class=\"score-logo\">\n                                                            <\/td>\n                            <td>\n                                <strong>Castleford Tigers<\/strong>\n                            <\/td>\n                            <td class=\"score-text\">7<\/td>\n                            <td class=\"score-text\">2<\/td>\n                            <td class=\"score-text\">0<\/td>\n                            <td class=\"score-text\">5<\/td>\n                            <td class=\"score-text\">112<\/td>\n                            <td class=\"score-text\">214<\/td>\n                            <td class=\"score-text\">-102<\/td>\n                            <td class=\"score-text\">4<\/td>\n                        <\/tr>\n                                                <\/table>\n            <\/div>\n\n","protected":false},"excerpt":{"rendered":"","protected":false},"author":1,"featured_media":0,"parent":0,"menu_order":0,"comment_status":"closed","ping_status":"closed","template":"","meta":{"_acf_changed":false,"_et_pb_use_builder":"","_et_pb_old_content":"","_et_gb_content_width":"","footnotes":""},"class_list":["post-5267","page","type-page","status-publish","hentry"],"acf":[],"yoast_head":"<!-- This site is optimized with the Yoast SEO plugin v27.4 - https:\/\/yoast.com\/product\/yoast-seo-wordpress\/ -->\n<title>Classement - Les dragons<\/title>\n<meta name=\"robots\" content=\"index, follow, max-snippet:-1, max-image-preview:large, max-video-preview:-1\" \/>\n<link rel=\"canonical\" href=\"https:\/\/catalansdragons.com\/en\/classement\/\" \/>\n<meta property=\"og:locale\" content=\"en_US\" \/>\n<meta property=\"og:type\" content=\"article\" \/>\n<meta property=\"og:title\" content=\"Classement - Les dragons\" \/>\n<meta property=\"og:url\" content=\"https:\/\/catalansdragons.com\/en\/classement\/\" \/>\n<meta property=\"og:site_name\" content=\"Les dragons\" \/>\n<meta name=\"twitter:card\" content=\"summary_large_image\" \/>\n<script type=\"application\/ld+json\" class=\"yoast-schema-graph\">{\"@context\":\"https:\\\/\\\/schema.org\",\"@graph\":[{\"@type\":\"WebPage\",\"@id\":\"https:\\\/\\\/catalansdragons.com\\\/en\\\/classement\\\/\",\"url\":\"https:\\\/\\\/catalansdragons.com\\\/en\\\/classement\\\/\",\"name\":\"Classement - Les dragons\",\"isPartOf\":{\"@id\":\"http:\\\/\\\/catalansdragons.com\\\/en\\\/#website\"},\"datePublished\":\"2026-03-30T10:22:52+00:00\",\"breadcrumb\":{\"@id\":\"https:\\\/\\\/catalansdragons.com\\\/en\\\/classement\\\/#breadcrumb\"},\"inLanguage\":\"en-US\",\"potentialAction\":[{\"@type\":\"ReadAction\",\"target\":[\"https:\\\/\\\/catalansdragons.com\\\/en\\\/classement\\\/\"]}]},{\"@type\":\"BreadcrumbList\",\"@id\":\"https:\\\/\\\/catalansdragons.com\\\/en\\\/classement\\\/#breadcrumb\",\"itemListElement\":[{\"@type\":\"ListItem\",\"position\":1,\"name\":\"Accueil\",\"item\":\"https:\\\/\\\/catalansdragons.com\\\/en\\\/\"},{\"@type\":\"ListItem\",\"position\":2,\"name\":\"Classement\"}]},{\"@type\":\"WebSite\",\"@id\":\"http:\\\/\\\/catalansdragons.com\\\/en\\\/#website\",\"url\":\"http:\\\/\\\/catalansdragons.com\\\/en\\\/\",\"name\":\"Les dragons\",\"description\":\"Les Dragons catalans sont un club professionnel fran\u00e7ais de rugby \u00e0 XIII bas\u00e9e \u00e0 Perpignan.\",\"potentialAction\":[{\"@type\":\"SearchAction\",\"target\":{\"@type\":\"EntryPoint\",\"urlTemplate\":\"http:\\\/\\\/catalansdragons.com\\\/en\\\/?s={search_term_string}\"},\"query-input\":{\"@type\":\"PropertyValueSpecification\",\"valueRequired\":true,\"valueName\":\"search_term_string\"}}],\"inLanguage\":\"en-US\"}]}<\/script>\n<!-- \/ Yoast SEO plugin. -->","yoast_head_json":{"title":"Classement - Les dragons","robots":{"index":"index","follow":"follow","max-snippet":"max-snippet:-1","max-image-preview":"max-image-preview:large","max-video-preview":"max-video-preview:-1"},"canonical":"https:\/\/catalansdragons.com\/en\/classement\/","og_locale":"en_US","og_type":"article","og_title":"Classement - Les dragons","og_url":"https:\/\/catalansdragons.com\/en\/classement\/","og_site_name":"Les dragons","twitter_card":"summary_large_image","schema":{"@context":"https:\/\/schema.org","@graph":[{"@type":"WebPage","@id":"https:\/\/catalansdragons.com\/en\/classement\/","url":"https:\/\/catalansdragons.com\/en\/classement\/","name":"Classement - Les dragons","isPartOf":{"@id":"http:\/\/catalansdragons.com\/en\/#website"},"datePublished":"2026-03-30T10:22:52+00:00","breadcrumb":{"@id":"https:\/\/catalansdragons.com\/en\/classement\/#breadcrumb"},"inLanguage":"en-US","potentialAction":[{"@type":"ReadAction","target":["https:\/\/catalansdragons.com\/en\/classement\/"]}]},{"@type":"BreadcrumbList","@id":"https:\/\/catalansdragons.com\/en\/classement\/#breadcrumb","itemListElement":[{"@type":"ListItem","position":1,"name":"Accueil","item":"https:\/\/catalansdragons.com\/en\/"},{"@type":"ListItem","position":2,"name":"Classement"}]},{"@type":"WebSite","@id":"http:\/\/catalansdragons.com\/en\/#website","url":"http:\/\/catalansdragons.com\/en\/","name":"Les dragons","description":"Les Dragons catalans sont un club professionnel fran\u00e7ais de rugby \u00e0 XIII bas\u00e9e \u00e0 Perpignan.","potentialAction":[{"@type":"SearchAction","target":{"@type":"EntryPoint","urlTemplate":"http:\/\/catalansdragons.com\/en\/?s={search_term_string}"},"query-input":{"@type":"PropertyValueSpecification","valueRequired":true,"valueName":"search_term_string"}}],"inLanguage":"en-US"}]}},"_links":{"self":[{"href":"https:\/\/catalansdragons.com\/en\/wp-json\/wp\/v2\/pages\/5267","targetHints":{"allow":["GET"]}}],"collection":[{"href":"https:\/\/catalansdragons.com\/en\/wp-json\/wp\/v2\/pages"}],"about":[{"href":"https:\/\/catalansdragons.com\/en\/wp-json\/wp\/v2\/types\/page"}],"author":[{"embeddable":true,"href":"https:\/\/catalansdragons.com\/en\/wp-json\/wp\/v2\/users\/1"}],"replies":[{"embeddable":true,"href":"https:\/\/catalansdragons.com\/en\/wp-json\/wp\/v2\/comments?post=5267"}],"version-history":[{"count":0,"href":"https:\/\/catalansdragons.com\/en\/wp-json\/wp\/v2\/pages\/5267\/revisions"}],"wp:attachment":[{"href":"https:\/\/catalansdragons.com\/en\/wp-json\/wp\/v2\/media?parent=5267"}],"curies":[{"name":"wp","href":"https:\/\/api.w.org\/{rel}","templated":true}]}}